{"id":1223,"date":"2024-03-27T18:53:10","date_gmt":"2024-03-27T18:53:10","guid":{"rendered":"https:\/\/groupecasarenova.ca\/?page_id=1223"},"modified":"2024-09-25T04:29:55","modified_gmt":"2024-09-25T04:29:55","slug":"privacy-policy","status":"publish","type":"page","link":"https:\/\/groupecasarenova.ca\/fr\/privacy-policy\/","title":{"rendered":"POLITIQUE DE CONFIDENTIALIT\u00c9"},"content":{"rendered":"<div data-elementor-type=\"wp-page\" data-elementor-id=\"1223\" class=\"elementor elementor-1223\" data-elementor-post-type=\"page\">\n\t\t\t\t<div class=\"elementor-element elementor-element-1fc5e34 e-flex e-con-boxed e-con e-parent\" data-id=\"1fc5e34\" data-element_type=\"container\" data-e-type=\"container\">\n\t\t\t\t\t<div class=\"e-con-inner\">\n\t\t\t\t<div class=\"elementor-element elementor-element-9a866b8 elementor-widget elementor-widget-heading\" data-id=\"9a866b8\" data-element_type=\"widget\" data-e-type=\"widget\" data-widget_type=\"heading.default\">\n\t\t\t\t<div class=\"elementor-widget-container\">\n\t\t\t\t\t<h3 class=\"elementor-heading-title elementor-size-default\">POLITIQUE DE CONFIDENTIALIT\u00c9<\/h3>\t\t\t\t<\/div>\n\t\t\t\t<\/div>\n\t\t\t\t<div class=\"elementor-element elementor-element-c2a1c16 elementor-widget elementor-widget-text-editor\" data-id=\"c2a1c16\" data-element_type=\"widget\" data-e-type=\"widget\" data-widget_type=\"text-editor.default\">\n\t\t\t\t<div class=\"elementor-widget-container\">\n\t\t\t\t\t\t\t\t\t<div>Groupe Casa R\u00e9nova places great importance on the privacy and security of the personal information and confidential data it holds. Through this Privacy Policy, it aims to inform users of its website about the data and personal information it collects<a href=\"https:\/\/groupecasarenova.ca\/fr\/\">.<\/a><\/div><div>\u00a0<\/div><div>MODIFICATIONS DE LA PR\u00c9SENTE POLITIQUE<\/div><div>\u00a0<\/div><div>Groupe Casa R\u00e9nova reserves the right to make any modifications to this Privacy Policy at any time. All changes<a href=\"https:\/\/newgenprotect.com\/\">,<\/a> which are accessible at all times, will be indicated by the date of the last update.<\/div><div>\u00a0<\/div><div>DONN\u00c9ES RECUEILLIES<\/div><div>\u00a0<\/div><div>Donn\u00e9es fournies de mani\u00e8re volontaire<\/div><div>\u00a0<\/div><div>En remplissant un formulaire en ligne, en envoyant un courriel ou en interagissant sur nos pages de m\u00e9dias sociaux, vous consentez \u00e0 ce que nous recueillions des renseignements personnels, tels que:<\/div><div>\u00a0<\/div><div>Nom et pr\u00e9nom<\/div><div>Genre<\/div><div>Adresse postale<\/div><div>Adresse courriel<\/div><div>Num\u00e9ros de t\u00e9l\u00e9phone et de t\u00e9l\u00e9copieur<\/div><div>\u00a0<\/div><div>Donn\u00e9es recueillies automatiquement en interagissant sur nos plateformes num\u00e9riques<\/div><div>\u00a0<\/div><div>Nous utilisons des t\u00e9moins (cookies) dans le but d\u2019am\u00e9liorer l'exp\u00e9rience de navigation sur notre site Internet. Ces renseignements sont recueillis par des outils d\u2019analyse, tels que Google Analytics, lors de votre visite sur notre site Internet. Nous recueillons notamment:<\/div><div>\u00a0<\/div><div>L\u2019adresse IP de votre ordinateur et sa localisation approximative<\/div><div>Les navigateurs utilis\u00e9s et leur langue<\/div><div>Les pages visit\u00e9es et la dur\u00e9e de leur consultation<\/div><div>Les pages externes qui ont dirig\u00e9 les visiteurs chez Les Constructions<\/div><div>\u00a0<\/div><div>Bissonnette\nOr, il est d\u2019ailleurs possible de d\u00e9sactiver les t\u00e9moins (cookies) en reconfigurant votre navigateur. Veuillez noter que cette modification (la d\u00e9sactivation des t\u00e9moins) pourrait toutefois vous interdire l\u2019acc\u00e8s \u00e0 certaines fonctionnalit\u00e9s du site Internet du Groupe Casa R\u00e9nova.<\/div><div>\u00a0<\/div><div>CONSENTEMENT SUR LES RISQUES ENCOURUS<\/div><div>\u00a0<\/div><div>Groupe Casa R\u00e9nova s\u2019engage \u00e0 prendre toutes les mesures de s\u00e9curit\u00e9 afin de pr\u00e9venir tout acc\u00e8s non autoris\u00e9 \u00e0 vos renseignements personnels, \u00e0 partir de notre site web, de nos pages de m\u00e9dias sociaux ou de notre blogue (nos plateformes num\u00e9riques).<\/div><div>\u00a0<\/div><div>Nous tenons \u00e0 vous rappeler que nous ne pouvons pas garantir enti\u00e8rement la s\u00e9curit\u00e9 des informations recueillies \u00e0 la suite de l\u2019utilisation de nos plateformes num\u00e9riques sur Internet. Ainsi, l\u2019utilisation de services en ligne est toujours \u00e0 vos propres risques.\nVous confirmez \u00eatre inform\u00e9 et vous consentez que Groupe Casa R\u00e9nova  ne peut en aucun cas \u00eatre tenue responsable de quelque dommage direct ou indirect li\u00e9 \u00e0 la transmission sur Internet d'informations confidentielles ou de renseignements personnels.<\/div><div>\u00a0<\/div><div>ACC\u00c8S AUX INFORMATIONS<\/div><div>\u00a0<\/div><div>L\u2019acc\u00e8s aux informations se limite aux employ\u00e9s de Groupe Casa R\u00e9nova et aux fournisseurs autoris\u00e9s qui sont aussi tenus de respecter la loi de m\u00eame que notre Politique de confidentialit\u00e9.<\/div>\t\t\t\t\t\t\t\t<\/div>\n\t\t\t\t<\/div>\n\t\t\t\t\t<\/div>\n\t\t\t\t<\/div>\n\t\t\t\t<\/div>","protected":false},"excerpt":{"rendered":"<p>PRIVACY POLICY Groupe Casa R\u00e9nova places great importance on the privacy and security of the personal information and confidential data [&hellip;]<\/p>\n","protected":false},"author":2,"featured_media":313,"parent":0,"menu_order":0,"comment_status":"closed","ping_status":"closed","template":"elementor_header_footer","meta":{"site-sidebar-layout":"no-sidebar","site-content-layout":"","ast-site-content-layout":"full-width-container","site-content-style":"default","site-sidebar-style":"default","ast-global-header-display":"","ast-banner-title-visibility":"","ast-main-header-display":"","ast-hfb-above-header-display":"","ast-hfb-below-header-display":"","ast-hfb-mobile-header-display":"","site-post-title":"disabled","ast-breadcrumbs-content":"","ast-featured-img":"disabled","footer-sml-layout":"","ast-disable-related-posts":"","theme-transparent-header-meta":"","adv-header-id-meta":"","stick-header-meta":"","header-above-stick-meta":"","header-main-stick-meta":"","header-below-stick-meta":"","astra-migrate-meta-layouts":"default","ast-page-background-enabled":"default","ast-page-background-meta":{"desktop":{"background-color":"var(--ast-global-color-4)","background-image":"","background-repeat":"repeat","background-position":"center center","background-size":"auto","background-attachment":"scroll","background-type":"","background-media":"","overlay-type":"","overlay-color":"","overlay-opacity":"","overlay-gradient":""},"tablet":{"background-color":"","background-image":"","background-repeat":"repeat","background-position":"center center","background-size":"auto","background-attachment":"scroll","background-type":"","background-media":"","overlay-type":"","overlay-color":"","overlay-opacity":"","overlay-gradient":""},"mobile":{"background-color":"","background-image":"","background-repeat":"repeat","background-position":"center center","background-size":"auto","background-attachment":"scroll","background-type":"","background-media":"","overlay-type":"","overlay-color":"","overlay-opacity":"","overlay-gradient":""}},"ast-content-background-meta":{"desktop":{"background-color":"var(--ast-global-color-5)","background-image":"","background-repeat":"repeat","background-position":"center center","background-size":"auto","background-attachment":"scroll","background-type":"","background-media":"","overlay-type":"","overlay-color":"","overlay-opacity":"","overlay-gradient":""},"tablet":{"background-color":"var(--ast-global-color-5)","background-image":"","background-repeat":"repeat","background-position":"center center","background-size":"auto","background-attachment":"scroll","background-type":"","background-media":"","overlay-type":"","overlay-color":"","overlay-opacity":"","overlay-gradient":""},"mobile":{"background-color":"var(--ast-global-color-5)","background-image":"","background-repeat":"repeat","background-position":"center center","background-size":"auto","background-attachment":"scroll","background-type":"","background-media":"","overlay-type":"","overlay-color":"","overlay-opacity":"","overlay-gradient":""}},"footnotes":""},"class_list":["post-1223","page","type-page","status-publish","has-post-thumbnail","hentry"],"yoast_head":"<!-- This site is optimized with the Yoast SEO plugin v27.2 - https:\/\/yoast.com\/product\/yoast-seo-wordpress\/ -->\n<title>Politique de Confidentialit\u00e9 | Groupe Casa R\u00e9nova<\/title>\n<meta name=\"description\" content=\"Consultez notre politique de confidentialit\u00e9 pour comprendre comment Groupe Casa R\u00e9nova collecte, utilise et prot\u00e8ge vos informations personnelles.\" \/>\n<meta name=\"robots\" content=\"index, follow, max-snippet:-1, max-image-preview:large, max-video-preview:-1\" \/>\n<link rel=\"canonical\" href=\"https:\/\/groupecasarenova.ca\/fr\/privacy-policy\/\" \/>\n<meta property=\"og:locale\" content=\"fr_CA\" \/>\n<meta property=\"og:type\" content=\"article\" \/>\n<meta property=\"og:title\" content=\"Politique de Confidentialit\u00e9 | Groupe Casa R\u00e9nova\" \/>\n<meta property=\"og:description\" content=\"Consultez notre politique de confidentialit\u00e9 pour comprendre comment Groupe Casa R\u00e9nova collecte, utilise et prot\u00e8ge vos informations personnelles.\" \/>\n<meta property=\"og:url\" content=\"https:\/\/groupecasarenova.ca\/fr\/privacy-policy\/\" \/>\n<meta property=\"og:site_name\" content=\"Groupe Casa R\u00e9nova\" \/>\n<meta property=\"article:publisher\" content=\"https:\/\/www.facebook.com\/profile.php?id=61556683776192&amp;mibextid=LQQJ4d\" \/>\n<meta property=\"article:modified_time\" content=\"2024-09-25T04:29:55+00:00\" \/>\n<meta property=\"og:image\" content=\"https:\/\/groupecasarenova.ca\/wp-content\/uploads\/2024\/03\/builderon-logo1.png\" \/>\n\t<meta property=\"og:image:width\" content=\"138\" \/>\n\t<meta property=\"og:image:height\" content=\"111\" \/>\n\t<meta property=\"og:image:type\" content=\"image\/png\" \/>\n<meta name=\"twitter:card\" content=\"summary_large_image\" \/>\n<meta name=\"twitter:label1\" content=\"Estimation du temps de lecture\" \/>\n\t<meta name=\"twitter:data1\" content=\"2 minutes\" \/>\n<script type=\"application\/ld+json\" class=\"yoast-schema-graph\">{\"@context\":\"https:\/\/schema.org\",\"@graph\":[{\"@type\":\"WebPage\",\"@id\":\"https:\/\/groupecasarenova.ca\/privacy-policy\/\",\"url\":\"https:\/\/groupecasarenova.ca\/privacy-policy\/\",\"name\":\"Politique de Confidentialit\u00e9 | Groupe Casa R\u00e9nova\",\"isPartOf\":{\"@id\":\"https:\/\/groupecasarenova.ca\/#website\"},\"primaryImageOfPage\":{\"@id\":\"https:\/\/groupecasarenova.ca\/privacy-policy\/#primaryimage\"},\"image\":{\"@id\":\"https:\/\/groupecasarenova.ca\/privacy-policy\/#primaryimage\"},\"thumbnailUrl\":\"https:\/\/groupecasarenova.ca\/wp-content\/uploads\/2024\/03\/builderon-logo1.png\",\"datePublished\":\"2024-03-27T18:53:10+00:00\",\"dateModified\":\"2024-09-25T04:29:55+00:00\",\"description\":\"Consultez notre politique de confidentialit\u00e9 pour comprendre comment Groupe Casa R\u00e9nova collecte, utilise et prot\u00e8ge vos informations personnelles.\",\"breadcrumb\":{\"@id\":\"https:\/\/groupecasarenova.ca\/privacy-policy\/#breadcrumb\"},\"inLanguage\":\"fr-CA\",\"potentialAction\":[{\"@type\":\"ReadAction\",\"target\":[\"https:\/\/groupecasarenova.ca\/privacy-policy\/\"]}]},{\"@type\":\"ImageObject\",\"inLanguage\":\"fr-CA\",\"@id\":\"https:\/\/groupecasarenova.ca\/privacy-policy\/#primaryimage\",\"url\":\"https:\/\/groupecasarenova.ca\/wp-content\/uploads\/2024\/03\/builderon-logo1.png\",\"contentUrl\":\"https:\/\/groupecasarenova.ca\/wp-content\/uploads\/2024\/03\/builderon-logo1.png\",\"width\":138,\"height\":111,\"caption\":\"Groupe Casa Renova - Construction & Renovation\"},{\"@type\":\"BreadcrumbList\",\"@id\":\"https:\/\/groupecasarenova.ca\/privacy-policy\/#breadcrumb\",\"itemListElement\":[{\"@type\":\"ListItem\",\"position\":1,\"name\":\"Home\",\"item\":\"https:\/\/groupecasarenova.ca\/en\/\"},{\"@type\":\"ListItem\",\"position\":2,\"name\":\"PRIVACY POLICY\"}]},{\"@type\":\"WebSite\",\"@id\":\"https:\/\/groupecasarenova.ca\/#website\",\"url\":\"https:\/\/groupecasarenova.ca\/\",\"name\":\"Groupe Casa R\u00e9nova\",\"description\":\"R\u00e9novations &amp; Construction\",\"publisher\":{\"@id\":\"https:\/\/groupecasarenova.ca\/#organization\"},\"potentialAction\":[{\"@type\":\"SearchAction\",\"target\":{\"@type\":\"EntryPoint\",\"urlTemplate\":\"https:\/\/groupecasarenova.ca\/?s={search_term_string}\"},\"query-input\":{\"@type\":\"PropertyValueSpecification\",\"valueRequired\":true,\"valueName\":\"search_term_string\"}}],\"inLanguage\":\"fr-CA\"},{\"@type\":\"Organization\",\"@id\":\"https:\/\/groupecasarenova.ca\/#organization\",\"name\":\"Groupe Casa R\u00e9nova\",\"url\":\"https:\/\/groupecasarenova.ca\/\",\"logo\":{\"@type\":\"ImageObject\",\"inLanguage\":\"fr-CA\",\"@id\":\"https:\/\/groupecasarenova.ca\/#\/schema\/logo\/image\/\",\"url\":\"https:\/\/groupecasarenova.ca\/wp-content\/uploads\/2024\/03\/3B24A0D0-1443-4D71-9B8A-D3926B809349.png\",\"contentUrl\":\"https:\/\/groupecasarenova.ca\/wp-content\/uploads\/2024\/03\/3B24A0D0-1443-4D71-9B8A-D3926B809349.png\",\"width\":4000,\"height\":2416,\"caption\":\"Groupe Casa R\u00e9nova\"},\"image\":{\"@id\":\"https:\/\/groupecasarenova.ca\/#\/schema\/logo\/image\/\"},\"sameAs\":[\"https:\/\/www.facebook.com\/profile.php?id=61556683776192&mibextid=LQQJ4d\",\"https:\/\/www.instagram.com\/groupecasarenova?igsh=bHZha3E3b3A2cjB6&utm_source=qr\"]}]}<\/script>\n<!-- \/ Yoast SEO plugin. -->","yoast_head_json":{"title":"Politique de Confidentialit\u00e9 | Groupe Casa R\u00e9nova","description":"Consultez notre politique de confidentialit\u00e9 pour comprendre comment Groupe Casa R\u00e9nova collecte, utilise et prot\u00e8ge vos informations personnelles.","robots":{"index":"index","follow":"follow","max-snippet":"max-snippet:-1","max-image-preview":"max-image-preview:large","max-video-preview":"max-video-preview:-1"},"canonical":"https:\/\/groupecasarenova.ca\/fr\/privacy-policy\/","og_locale":"fr_CA","og_type":"article","og_title":"Politique de Confidentialit\u00e9 | Groupe Casa R\u00e9nova","og_description":"Consultez notre politique de confidentialit\u00e9 pour comprendre comment Groupe Casa R\u00e9nova collecte, utilise et prot\u00e8ge vos informations personnelles.","og_url":"https:\/\/groupecasarenova.ca\/fr\/privacy-policy\/","og_site_name":"Groupe Casa R\u00e9nova","article_publisher":"https:\/\/www.facebook.com\/profile.php?id=61556683776192&mibextid=LQQJ4d","article_modified_time":"2024-09-25T04:29:55+00:00","og_image":[{"width":138,"height":111,"url":"https:\/\/groupecasarenova.ca\/wp-content\/uploads\/2024\/03\/builderon-logo1.png","type":"image\/png"}],"twitter_card":"summary_large_image","twitter_misc":{"Estimation du temps de lecture":"2 minutes"},"schema":{"@context":"https:\/\/schema.org","@graph":[{"@type":"WebPage","@id":"https:\/\/groupecasarenova.ca\/privacy-policy\/","url":"https:\/\/groupecasarenova.ca\/privacy-policy\/","name":"Politique de Confidentialit\u00e9 | Groupe Casa R\u00e9nova","isPartOf":{"@id":"https:\/\/groupecasarenova.ca\/#website"},"primaryImageOfPage":{"@id":"https:\/\/groupecasarenova.ca\/privacy-policy\/#primaryimage"},"image":{"@id":"https:\/\/groupecasarenova.ca\/privacy-policy\/#primaryimage"},"thumbnailUrl":"https:\/\/groupecasarenova.ca\/wp-content\/uploads\/2024\/03\/builderon-logo1.png","datePublished":"2024-03-27T18:53:10+00:00","dateModified":"2024-09-25T04:29:55+00:00","description":"Consultez notre politique de confidentialit\u00e9 pour comprendre comment Groupe Casa R\u00e9nova collecte, utilise et prot\u00e8ge vos informations personnelles.","breadcrumb":{"@id":"https:\/\/groupecasarenova.ca\/privacy-policy\/#breadcrumb"},"inLanguage":"fr-CA","potentialAction":[{"@type":"ReadAction","target":["https:\/\/groupecasarenova.ca\/privacy-policy\/"]}]},{"@type":"ImageObject","inLanguage":"fr-CA","@id":"https:\/\/groupecasarenova.ca\/privacy-policy\/#primaryimage","url":"https:\/\/groupecasarenova.ca\/wp-content\/uploads\/2024\/03\/builderon-logo1.png","contentUrl":"https:\/\/groupecasarenova.ca\/wp-content\/uploads\/2024\/03\/builderon-logo1.png","width":138,"height":111,"caption":"Groupe Casa Renova - Construction & Renovation"},{"@type":"BreadcrumbList","@id":"https:\/\/groupecasarenova.ca\/privacy-policy\/#breadcrumb","itemListElement":[{"@type":"ListItem","position":1,"name":"Home","item":"https:\/\/groupecasarenova.ca\/en\/"},{"@type":"ListItem","position":2,"name":"PRIVACY POLICY"}]},{"@type":"WebSite","@id":"https:\/\/groupecasarenova.ca\/#website","url":"https:\/\/groupecasarenova.ca\/","name":"Groupe Casa R\u00e9nova","description":"R\u00e9novations &amp; Construction","publisher":{"@id":"https:\/\/groupecasarenova.ca\/#organization"},"potentialAction":[{"@type":"SearchAction","target":{"@type":"EntryPoint","urlTemplate":"https:\/\/groupecasarenova.ca\/?s={search_term_string}"},"query-input":{"@type":"PropertyValueSpecification","valueRequired":true,"valueName":"search_term_string"}}],"inLanguage":"fr-CA"},{"@type":"Organization","@id":"https:\/\/groupecasarenova.ca\/#organization","name":"Groupe Casa R\u00e9nova","url":"https:\/\/groupecasarenova.ca\/","logo":{"@type":"ImageObject","inLanguage":"fr-CA","@id":"https:\/\/groupecasarenova.ca\/#\/schema\/logo\/image\/","url":"https:\/\/groupecasarenova.ca\/wp-content\/uploads\/2024\/03\/3B24A0D0-1443-4D71-9B8A-D3926B809349.png","contentUrl":"https:\/\/groupecasarenova.ca\/wp-content\/uploads\/2024\/03\/3B24A0D0-1443-4D71-9B8A-D3926B809349.png","width":4000,"height":2416,"caption":"Groupe Casa R\u00e9nova"},"image":{"@id":"https:\/\/groupecasarenova.ca\/#\/schema\/logo\/image\/"},"sameAs":["https:\/\/www.facebook.com\/profile.php?id=61556683776192&mibextid=LQQJ4d","https:\/\/www.instagram.com\/groupecasarenova?igsh=bHZha3E3b3A2cjB6&utm_source=qr"]}]}},"_links":{"self":[{"href":"https:\/\/groupecasarenova.ca\/fr\/wp-json\/wp\/v2\/pages\/1223","targetHints":{"allow":["GET"]}}],"collection":[{"href":"https:\/\/groupecasarenova.ca\/fr\/wp-json\/wp\/v2\/pages"}],"about":[{"href":"https:\/\/groupecasarenova.ca\/fr\/wp-json\/wp\/v2\/types\/page"}],"author":[{"embeddable":true,"href":"https:\/\/groupecasarenova.ca\/fr\/wp-json\/wp\/v2\/users\/2"}],"replies":[{"embeddable":true,"href":"https:\/\/groupecasarenova.ca\/fr\/wp-json\/wp\/v2\/comments?post=1223"}],"version-history":[{"count":7,"href":"https:\/\/groupecasarenova.ca\/fr\/wp-json\/wp\/v2\/pages\/1223\/revisions"}],"predecessor-version":[{"id":1569,"href":"https:\/\/groupecasarenova.ca\/fr\/wp-json\/wp\/v2\/pages\/1223\/revisions\/1569"}],"wp:featuredmedia":[{"embeddable":true,"href":"https:\/\/groupecasarenova.ca\/fr\/wp-json\/wp\/v2\/media\/313"}],"wp:attachment":[{"href":"https:\/\/groupecasarenova.ca\/fr\/wp-json\/wp\/v2\/media?parent=1223"}],"curies":[{"name":"wp","href":"https:\/\/api.w.org\/{rel}","templated":true}]}}