{"id":1223,"date":"2024-03-27T18:53:10","date_gmt":"2024-03-27T18:53:10","guid":{"rendered":"https:\/\/groupecasarenova.ca\/?page_id=1223"},"modified":"2024-09-25T04:29:55","modified_gmt":"2024-09-25T04:29:55","slug":"privacy-policy","status":"publish","type":"page","link":"https:\/\/groupecasarenova.ca\/en\/privacy-policy\/","title":{"rendered":"PRIVACY POLICY"},"content":{"rendered":"\t\t<div data-elementor-type=\"wp-page\" data-elementor-id=\"1223\" class=\"elementor elementor-1223\" data-elementor-post-type=\"page\">\n\t\t\t\t<div class=\"elementor-element elementor-element-1fc5e34 e-flex e-con-boxed e-con e-parent\" data-id=\"1fc5e34\" data-element_type=\"container\" data-e-type=\"container\">\n\t\t\t\t\t<div class=\"e-con-inner\">\n\t\t\t\t<div class=\"elementor-element elementor-element-9a866b8 elementor-widget elementor-widget-heading\" data-id=\"9a866b8\" data-element_type=\"widget\" data-e-type=\"widget\" data-widget_type=\"heading.default\">\n\t\t\t\t<div class=\"elementor-widget-container\">\n\t\t\t\t\t<h3 class=\"elementor-heading-title elementor-size-default\">PRIVACY POLICY<\/h3>\t\t\t\t<\/div>\n\t\t\t\t<\/div>\n\t\t\t\t<div class=\"elementor-element elementor-element-c2a1c16 elementor-widget elementor-widget-text-editor\" data-id=\"c2a1c16\" data-element_type=\"widget\" data-e-type=\"widget\" data-widget_type=\"text-editor.default\">\n\t\t\t\t<div class=\"elementor-widget-container\">\n\t\t\t\t\t\t\t\t\t<div>Groupe Casa R\u00e9nova places great importance on the privacy and security of the personal information and confidential data it holds. Through this Privacy Policy, it aims to inform users of its website about the data and personal information it collects<a href=\"https:\/\/groupecasarenova.ca\/\">.<\/a><\/div><div>\u00a0<\/div><div>CHANGES TO THIS POLICY<\/div><div>\u00a0<\/div><div>Groupe Casa R\u00e9nova reserves the right to make any modifications to this Privacy Policy at any time. All changes<a href=\"https:\/\/newgenprotect.com\/\">,<\/a> which are accessible at all times, will be indicated by the date of the last update.<\/div><div>\u00a0<\/div><div>DATA COLLECTED<\/div><div>\u00a0<\/div><div>Voluntarily Provided Data<\/div><div>\u00a0<\/div><div>By filling out an online form, sending an email, or interacting on our social media pages, you consent to us collecting personal information such as:<\/div><div>\u00a0<\/div><div>\u2022First and last name<\/div><div>\u2022Gender<\/div><div>\u2022Mailing address<\/div><div>\u2022Email address<\/div><div>\u2022Phone and fax numbers<\/div><div>\u00a0<\/div><div>Data Automatically Collected through Digital Platforms Interaction<\/div><div>\u00a0<\/div><div>We use cookies to enhance the browsing experience on our website. This information is collected by analytics tools such as Google Analytics during your visit to our website. We collect, among other things:<\/div><div>\u00a0<\/div><div>\u2022Your computer\u2019s IP address and approximate location<\/div><div>\u2022Browsers used and their language<\/div><div>\u2022Visited pages and duration of visit<\/div><div>\u2022External pages that directed visitors to Groupe Casa R\u00e9nova<\/div><div>\u00a0<\/div><div>It is possible to disable cookies by reconfiguring your browser. Please note that this modification (disabling cookies) may restrict access to certain features of Groupe Casa R\u00e9nova\u2019s website.<\/div><div>\u00a0<\/div><div>CONSENT TO RISKS INVOLVED<\/div><div>\u00a0<\/div><div>Groupe Casa R\u00e9nova is committed to taking all security measures to prevent unauthorized access to your personal information from our website, social media pages, or blog (our digital platforms). We remind you that we cannot guarantee complete security of information collected through the use of our digital platforms on the Internet. Therefore, using online services is always at your own risk.<\/div><div>\u00a0<\/div><div>You confirm that you are aware and consent that Groupe Casa R\u00e9nova cannot be held liable for any direct or indirect damage related to the transmission of confidential information or personal data over the Internet.<\/div><div>\u00a0<\/div><div>ACCESS TO INFORMATION<\/div><div>\u00a0<\/div><div>Access to information is limited to Groupe Casa R\u00e9nova employees and authorized providers who are also required to comply with the law and our Privacy Policy.<\/div>\t\t\t\t\t\t\t\t<\/div>\n\t\t\t\t<\/div>\n\t\t\t\t\t<\/div>\n\t\t\t\t<\/div>\n\t\t\t\t<\/div>\n\t\t","protected":false},"excerpt":{"rendered":"<p>PRIVACY POLICY Groupe Casa R\u00e9nova places great importance on the privacy and security of the personal information and confidential data [&hellip;]<\/p>\n","protected":false},"author":2,"featured_media":313,"parent":0,"menu_order":0,"comment_status":"closed","ping_status":"closed","template":"elementor_header_footer","meta":{"site-sidebar-layout":"no-sidebar","site-content-layout":"","ast-site-content-layout":"full-width-container","site-content-style":"default","site-sidebar-style":"default","ast-global-header-display":"","ast-banner-title-visibility":"","ast-main-header-display":"","ast-hfb-above-header-display":"","ast-hfb-below-header-display":"","ast-hfb-mobile-header-display":"","site-post-title":"disabled","ast-breadcrumbs-content":"","ast-featured-img":"disabled","footer-sml-layout":"","ast-disable-related-posts":"","theme-transparent-header-meta":"","adv-header-id-meta":"","stick-header-meta":"","header-above-stick-meta":"","header-main-stick-meta":"","header-below-stick-meta":"","astra-migrate-meta-layouts":"default","ast-page-background-enabled":"default","ast-page-background-meta":{"desktop":{"background-color":"var(--ast-global-color-4)","background-image":"","background-repeat":"repeat","background-position":"center center","background-size":"auto","background-attachment":"scroll","background-type":"","background-media":"","overlay-type":"","overlay-color":"","overlay-opacity":"","overlay-gradient":""},"tablet":{"background-color":"","background-image":"","background-repeat":"repeat","background-position":"center center","background-size":"auto","background-attachment":"scroll","background-type":"","background-media":"","overlay-type":"","overlay-color":"","overlay-opacity":"","overlay-gradient":""},"mobile":{"background-color":"","background-image":"","background-repeat":"repeat","background-position":"center center","background-size":"auto","background-attachment":"scroll","background-type":"","background-media":"","overlay-type":"","overlay-color":"","overlay-opacity":"","overlay-gradient":""}},"ast-content-background-meta":{"desktop":{"background-color":"var(--ast-global-color-5)","background-image":"","background-repeat":"repeat","background-position":"center center","background-size":"auto","background-attachment":"scroll","background-type":"","background-media":"","overlay-type":"","overlay-color":"","overlay-opacity":"","overlay-gradient":""},"tablet":{"background-color":"var(--ast-global-color-5)","background-image":"","background-repeat":"repeat","background-position":"center center","background-size":"auto","background-attachment":"scroll","background-type":"","background-media":"","overlay-type":"","overlay-color":"","overlay-opacity":"","overlay-gradient":""},"mobile":{"background-color":"var(--ast-global-color-5)","background-image":"","background-repeat":"repeat","background-position":"center center","background-size":"auto","background-attachment":"scroll","background-type":"","background-media":"","overlay-type":"","overlay-color":"","overlay-opacity":"","overlay-gradient":""}},"footnotes":""},"class_list":["post-1223","page","type-page","status-publish","has-post-thumbnail","hentry"],"yoast_head":"<!-- This site is optimized with the Yoast SEO plugin v27.2 - https:\/\/yoast.com\/product\/yoast-seo-wordpress\/ -->\n<title>Politique de Confidentialit\u00e9 | Groupe Casa R\u00e9nova<\/title>\n<meta name=\"description\" content=\"Consultez notre politique de confidentialit\u00e9 pour comprendre comment Groupe Casa R\u00e9nova collecte, utilise et prot\u00e8ge vos informations personnelles.\" \/>\n<meta name=\"robots\" content=\"index, follow, max-snippet:-1, max-image-preview:large, max-video-preview:-1\" \/>\n<link rel=\"canonical\" href=\"https:\/\/groupecasarenova.ca\/en\/privacy-policy\/\" \/>\n<meta property=\"og:locale\" content=\"en_US\" \/>\n<meta property=\"og:type\" content=\"article\" \/>\n<meta property=\"og:title\" content=\"Politique de Confidentialit\u00e9 | Groupe Casa R\u00e9nova\" \/>\n<meta property=\"og:description\" content=\"Consultez notre politique de confidentialit\u00e9 pour comprendre comment Groupe Casa R\u00e9nova collecte, utilise et prot\u00e8ge vos informations personnelles.\" \/>\n<meta property=\"og:url\" content=\"https:\/\/groupecasarenova.ca\/en\/privacy-policy\/\" \/>\n<meta property=\"og:site_name\" content=\"Groupe Casa R\u00e9nova\" \/>\n<meta property=\"article:publisher\" content=\"https:\/\/www.facebook.com\/profile.php?id=61556683776192&amp;mibextid=LQQJ4d\" \/>\n<meta property=\"article:modified_time\" content=\"2024-09-25T04:29:55+00:00\" \/>\n<meta property=\"og:image\" content=\"https:\/\/groupecasarenova.ca\/wp-content\/uploads\/2024\/03\/builderon-logo1.png\" \/>\n\t<meta property=\"og:image:width\" content=\"138\" \/>\n\t<meta property=\"og:image:height\" content=\"111\" \/>\n\t<meta property=\"og:image:type\" content=\"image\/png\" \/>\n<meta name=\"twitter:card\" content=\"summary_large_image\" \/>\n<meta name=\"twitter:label1\" content=\"Est. reading time\" \/>\n\t<meta name=\"twitter:data1\" content=\"2 minutes\" \/>\n<script type=\"application\/ld+json\" class=\"yoast-schema-graph\">{\"@context\":\"https:\/\/schema.org\",\"@graph\":[{\"@type\":\"WebPage\",\"@id\":\"https:\/\/groupecasarenova.ca\/privacy-policy\/\",\"url\":\"https:\/\/groupecasarenova.ca\/privacy-policy\/\",\"name\":\"Politique de Confidentialit\u00e9 | Groupe Casa R\u00e9nova\",\"isPartOf\":{\"@id\":\"https:\/\/groupecasarenova.ca\/#website\"},\"primaryImageOfPage\":{\"@id\":\"https:\/\/groupecasarenova.ca\/privacy-policy\/#primaryimage\"},\"image\":{\"@id\":\"https:\/\/groupecasarenova.ca\/privacy-policy\/#primaryimage\"},\"thumbnailUrl\":\"https:\/\/groupecasarenova.ca\/wp-content\/uploads\/2024\/03\/builderon-logo1.png\",\"datePublished\":\"2024-03-27T18:53:10+00:00\",\"dateModified\":\"2024-09-25T04:29:55+00:00\",\"description\":\"Consultez notre politique de confidentialit\u00e9 pour comprendre comment Groupe Casa R\u00e9nova collecte, utilise et prot\u00e8ge vos informations personnelles.\",\"breadcrumb\":{\"@id\":\"https:\/\/groupecasarenova.ca\/privacy-policy\/#breadcrumb\"},\"inLanguage\":\"en-US\",\"potentialAction\":[{\"@type\":\"ReadAction\",\"target\":[\"https:\/\/groupecasarenova.ca\/privacy-policy\/\"]}]},{\"@type\":\"ImageObject\",\"inLanguage\":\"en-US\",\"@id\":\"https:\/\/groupecasarenova.ca\/privacy-policy\/#primaryimage\",\"url\":\"https:\/\/groupecasarenova.ca\/wp-content\/uploads\/2024\/03\/builderon-logo1.png\",\"contentUrl\":\"https:\/\/groupecasarenova.ca\/wp-content\/uploads\/2024\/03\/builderon-logo1.png\",\"width\":138,\"height\":111,\"caption\":\"Groupe Casa Renova - Construction & Renovation\"},{\"@type\":\"BreadcrumbList\",\"@id\":\"https:\/\/groupecasarenova.ca\/privacy-policy\/#breadcrumb\",\"itemListElement\":[{\"@type\":\"ListItem\",\"position\":1,\"name\":\"Home\",\"item\":\"https:\/\/groupecasarenova.ca\/en\/\"},{\"@type\":\"ListItem\",\"position\":2,\"name\":\"PRIVACY POLICY\"}]},{\"@type\":\"WebSite\",\"@id\":\"https:\/\/groupecasarenova.ca\/#website\",\"url\":\"https:\/\/groupecasarenova.ca\/\",\"name\":\"Groupe Casa R\u00e9nova\",\"description\":\"R\u00e9novations &amp; Construction\",\"publisher\":{\"@id\":\"https:\/\/groupecasarenova.ca\/#organization\"},\"potentialAction\":[{\"@type\":\"SearchAction\",\"target\":{\"@type\":\"EntryPoint\",\"urlTemplate\":\"https:\/\/groupecasarenova.ca\/?s={search_term_string}\"},\"query-input\":{\"@type\":\"PropertyValueSpecification\",\"valueRequired\":true,\"valueName\":\"search_term_string\"}}],\"inLanguage\":\"en-US\"},{\"@type\":\"Organization\",\"@id\":\"https:\/\/groupecasarenova.ca\/#organization\",\"name\":\"Groupe Casa R\u00e9nova\",\"url\":\"https:\/\/groupecasarenova.ca\/\",\"logo\":{\"@type\":\"ImageObject\",\"inLanguage\":\"en-US\",\"@id\":\"https:\/\/groupecasarenova.ca\/#\/schema\/logo\/image\/\",\"url\":\"https:\/\/groupecasarenova.ca\/wp-content\/uploads\/2024\/03\/3B24A0D0-1443-4D71-9B8A-D3926B809349.png\",\"contentUrl\":\"https:\/\/groupecasarenova.ca\/wp-content\/uploads\/2024\/03\/3B24A0D0-1443-4D71-9B8A-D3926B809349.png\",\"width\":4000,\"height\":2416,\"caption\":\"Groupe Casa R\u00e9nova\"},\"image\":{\"@id\":\"https:\/\/groupecasarenova.ca\/#\/schema\/logo\/image\/\"},\"sameAs\":[\"https:\/\/www.facebook.com\/profile.php?id=61556683776192&mibextid=LQQJ4d\",\"https:\/\/www.instagram.com\/groupecasarenova?igsh=bHZha3E3b3A2cjB6&utm_source=qr\"]}]}<\/script>\n<!-- \/ Yoast SEO plugin. -->","yoast_head_json":{"title":"Politique de Confidentialit\u00e9 | Groupe Casa R\u00e9nova","description":"Consultez notre politique de confidentialit\u00e9 pour comprendre comment Groupe Casa R\u00e9nova collecte, utilise et prot\u00e8ge vos informations personnelles.","robots":{"index":"index","follow":"follow","max-snippet":"max-snippet:-1","max-image-preview":"max-image-preview:large","max-video-preview":"max-video-preview:-1"},"canonical":"https:\/\/groupecasarenova.ca\/en\/privacy-policy\/","og_locale":"en_US","og_type":"article","og_title":"Politique de Confidentialit\u00e9 | Groupe Casa R\u00e9nova","og_description":"Consultez notre politique de confidentialit\u00e9 pour comprendre comment Groupe Casa R\u00e9nova collecte, utilise et prot\u00e8ge vos informations personnelles.","og_url":"https:\/\/groupecasarenova.ca\/en\/privacy-policy\/","og_site_name":"Groupe Casa R\u00e9nova","article_publisher":"https:\/\/www.facebook.com\/profile.php?id=61556683776192&mibextid=LQQJ4d","article_modified_time":"2024-09-25T04:29:55+00:00","og_image":[{"width":138,"height":111,"url":"https:\/\/groupecasarenova.ca\/wp-content\/uploads\/2024\/03\/builderon-logo1.png","type":"image\/png"}],"twitter_card":"summary_large_image","twitter_misc":{"Est. reading time":"2 minutes"},"schema":{"@context":"https:\/\/schema.org","@graph":[{"@type":"WebPage","@id":"https:\/\/groupecasarenova.ca\/privacy-policy\/","url":"https:\/\/groupecasarenova.ca\/privacy-policy\/","name":"Politique de Confidentialit\u00e9 | Groupe Casa R\u00e9nova","isPartOf":{"@id":"https:\/\/groupecasarenova.ca\/#website"},"primaryImageOfPage":{"@id":"https:\/\/groupecasarenova.ca\/privacy-policy\/#primaryimage"},"image":{"@id":"https:\/\/groupecasarenova.ca\/privacy-policy\/#primaryimage"},"thumbnailUrl":"https:\/\/groupecasarenova.ca\/wp-content\/uploads\/2024\/03\/builderon-logo1.png","datePublished":"2024-03-27T18:53:10+00:00","dateModified":"2024-09-25T04:29:55+00:00","description":"Consultez notre politique de confidentialit\u00e9 pour comprendre comment Groupe Casa R\u00e9nova collecte, utilise et prot\u00e8ge vos informations personnelles.","breadcrumb":{"@id":"https:\/\/groupecasarenova.ca\/privacy-policy\/#breadcrumb"},"inLanguage":"en-US","potentialAction":[{"@type":"ReadAction","target":["https:\/\/groupecasarenova.ca\/privacy-policy\/"]}]},{"@type":"ImageObject","inLanguage":"en-US","@id":"https:\/\/groupecasarenova.ca\/privacy-policy\/#primaryimage","url":"https:\/\/groupecasarenova.ca\/wp-content\/uploads\/2024\/03\/builderon-logo1.png","contentUrl":"https:\/\/groupecasarenova.ca\/wp-content\/uploads\/2024\/03\/builderon-logo1.png","width":138,"height":111,"caption":"Groupe Casa Renova - Construction & Renovation"},{"@type":"BreadcrumbList","@id":"https:\/\/groupecasarenova.ca\/privacy-policy\/#breadcrumb","itemListElement":[{"@type":"ListItem","position":1,"name":"Home","item":"https:\/\/groupecasarenova.ca\/en\/"},{"@type":"ListItem","position":2,"name":"PRIVACY POLICY"}]},{"@type":"WebSite","@id":"https:\/\/groupecasarenova.ca\/#website","url":"https:\/\/groupecasarenova.ca\/","name":"Groupe Casa R\u00e9nova","description":"R\u00e9novations &amp; Construction","publisher":{"@id":"https:\/\/groupecasarenova.ca\/#organization"},"potentialAction":[{"@type":"SearchAction","target":{"@type":"EntryPoint","urlTemplate":"https:\/\/groupecasarenova.ca\/?s={search_term_string}"},"query-input":{"@type":"PropertyValueSpecification","valueRequired":true,"valueName":"search_term_string"}}],"inLanguage":"en-US"},{"@type":"Organization","@id":"https:\/\/groupecasarenova.ca\/#organization","name":"Groupe Casa R\u00e9nova","url":"https:\/\/groupecasarenova.ca\/","logo":{"@type":"ImageObject","inLanguage":"en-US","@id":"https:\/\/groupecasarenova.ca\/#\/schema\/logo\/image\/","url":"https:\/\/groupecasarenova.ca\/wp-content\/uploads\/2024\/03\/3B24A0D0-1443-4D71-9B8A-D3926B809349.png","contentUrl":"https:\/\/groupecasarenova.ca\/wp-content\/uploads\/2024\/03\/3B24A0D0-1443-4D71-9B8A-D3926B809349.png","width":4000,"height":2416,"caption":"Groupe Casa R\u00e9nova"},"image":{"@id":"https:\/\/groupecasarenova.ca\/#\/schema\/logo\/image\/"},"sameAs":["https:\/\/www.facebook.com\/profile.php?id=61556683776192&mibextid=LQQJ4d","https:\/\/www.instagram.com\/groupecasarenova?igsh=bHZha3E3b3A2cjB6&utm_source=qr"]}]}},"_links":{"self":[{"href":"https:\/\/groupecasarenova.ca\/en\/wp-json\/wp\/v2\/pages\/1223","targetHints":{"allow":["GET"]}}],"collection":[{"href":"https:\/\/groupecasarenova.ca\/en\/wp-json\/wp\/v2\/pages"}],"about":[{"href":"https:\/\/groupecasarenova.ca\/en\/wp-json\/wp\/v2\/types\/page"}],"author":[{"embeddable":true,"href":"https:\/\/groupecasarenova.ca\/en\/wp-json\/wp\/v2\/users\/2"}],"replies":[{"embeddable":true,"href":"https:\/\/groupecasarenova.ca\/en\/wp-json\/wp\/v2\/comments?post=1223"}],"version-history":[{"count":7,"href":"https:\/\/groupecasarenova.ca\/en\/wp-json\/wp\/v2\/pages\/1223\/revisions"}],"predecessor-version":[{"id":1569,"href":"https:\/\/groupecasarenova.ca\/en\/wp-json\/wp\/v2\/pages\/1223\/revisions\/1569"}],"wp:featuredmedia":[{"embeddable":true,"href":"https:\/\/groupecasarenova.ca\/en\/wp-json\/wp\/v2\/media\/313"}],"wp:attachment":[{"href":"https:\/\/groupecasarenova.ca\/en\/wp-json\/wp\/v2\/media?parent=1223"}],"curies":[{"name":"wp","href":"https:\/\/api.w.org\/{rel}","templated":true}]}}